{"id":16,"date":"2020-04-19T09:33:18","date_gmt":"2020-04-19T09:33:18","guid":{"rendered":"http:\/\/rhoihessebrass.de\/?page_id=16"},"modified":"2022-11-09T06:44:07","modified_gmt":"2022-11-09T06:44:07","slug":"ueber-uns","status":"publish","type":"page","link":"https:\/\/rhoihessebrass.de\/?page_id=16","title":{"rendered":"\u00dcber uns"},"content":{"rendered":"\t\t<div data-elementor-type=\"wp-post\" data-elementor-id=\"16\" class=\"elementor elementor-16\">\n\t\t\t\t\t\t<section class=\"elementor-section elementor-top-section elementor-element elementor-element-62b7f46 elementor-section-boxed elementor-section-height-default elementor-section-height-default\" data-id=\"62b7f46\" data-element_type=\"section\">\n\t\t\t\t\t\t<div class=\"elementor-container elementor-column-gap-default\">\n\t\t\t\t\t<div class=\"elementor-column elementor-col-50 elementor-top-column elementor-element elementor-element-5cf43ea\" data-id=\"5cf43ea\" data-element_type=\"column\">\n\t\t\t<div class=\"elementor-widget-wrap elementor-element-populated\">\n\t\t\t\t\t\t<div class=\"elementor-element elementor-element-c645fc4 elementor-widget elementor-widget-image\" data-id=\"c645fc4\" data-element_type=\"widget\" data-widget_type=\"image.default\">\n\t\t\t\t<div class=\"elementor-widget-container\">\n\t\t\t\t\t\t\t\t\t\t\t\t<figure class=\"wp-caption\">\n\t\t\t\t\t\t\t\t\t\t<img fetchpriority=\"high\" decoding=\"async\" width=\"768\" height=\"651\" src=\"https:\/\/rhoihessebrass.de\/wp-content\/uploads\/2022\/11\/IMG_1340-768x651.jpg\" class=\"attachment-medium_large size-medium_large wp-image-200\" alt=\"Blechbl\u00e4ser Ensembel Rhoihesse-Brass 2022\" srcset=\"https:\/\/rhoihessebrass.de\/wp-content\/uploads\/2022\/11\/IMG_1340-768x651.jpg 768w, https:\/\/rhoihessebrass.de\/wp-content\/uploads\/2022\/11\/IMG_1340-300x254.jpg 300w, https:\/\/rhoihessebrass.de\/wp-content\/uploads\/2022\/11\/IMG_1340-1024x868.jpg 1024w, https:\/\/rhoihessebrass.de\/wp-content\/uploads\/2022\/11\/IMG_1340-1536x1302.jpg 1536w, https:\/\/rhoihessebrass.de\/wp-content\/uploads\/2022\/11\/IMG_1340-2048x1737.jpg 2048w\" sizes=\"(max-width: 768px) 100vw, 768px\" \/>\t\t\t\t\t\t\t\t\t\t\t<figcaption class=\"widget-image-caption wp-caption-text\">2022<\/figcaption>\n\t\t\t\t\t\t\t\t\t\t<\/figure>\n\t\t\t\t\t\t\t\t\t<\/div>\n\t\t\t\t<\/div>\n\t\t\t\t<div class=\"elementor-element elementor-element-79fb70a elementor-widget elementor-widget-text-editor\" data-id=\"79fb70a\" data-element_type=\"widget\" data-widget_type=\"text-editor.default\">\n\t\t\t\t<div class=\"elementor-widget-container\">\n\t\t\t\t\t\t\t\t\t<p><span style=\"font-size: 14pt; font-family: Arial; color: black;\">Im Laufe des Jahres 2004 fand sich die klassische Quintett-Besetzung mit zwei Trompeten, Horn, Posaune und Tuba zusammen. Auch der Name <\/span><span style=\"font-size: 14pt; font-family: Arial; color: black; font-style: italic;\">Rhoihesse<\/span><span style=\"font-size: 14pt; font-family: Arial; color: black; font-style: italic;\"> Brass<\/span><span style=\"font-size: 14pt; font-family: Arial; color: black;\"> stammt aus dieser Zeit.<\/span><\/p><p style=\"margin-top: 0pt; margin-bottom: 0pt; direction: ltr; unicode-bidi: embed;\"><span style=\"font-size: 14.0pt; font-family: Arial; mso-ascii-font-family: Arial; mso-fareast-font-family: +mn-ea; mso-bidi-font-family: +mn-cs; mso-fareast-theme-font: minor-fareast; mso-bidi-theme-font: minor-bidi; color: black; mso-color-index: 1; mso-font-kerning: 12.0pt; language: de; font-style: italic; mso-style-textfill-type: solid; mso-style-textfill-fill-themecolor: text1; mso-style-textfill-fill-color: black; mso-style-textfill-fill-alpha: 100.0%;\">Rhoihesse Brass<\/span><span style=\"font-size: 14.0pt; font-family: Arial; mso-ascii-font-family: Arial; mso-fareast-font-family: +mn-ea; mso-bidi-font-family: +mn-cs; mso-fareast-theme-font: minor-fareast; mso-bidi-theme-font: minor-bidi; color: black; mso-color-index: 1; mso-font-kerning: 12.0pt; language: de; mso-style-textfill-type: solid; mso-style-textfill-fill-themecolor: text1; mso-style-textfill-fill-color: black; mso-style-textfill-fill-alpha: 100.0%;\"> tritt neben Konzerten auch in Gottesdiensten, auf Weihnachts-m\u00e4rkten sowie zu unterschiedlichen Jubil\u00e4en und Feiern auf. <\/span><\/p><p style=\"margin-top: 0pt; margin-bottom: 0pt; direction: ltr; unicode-bidi: embed;\"><span style=\"font-size: 14.0pt; font-family: Arial; mso-ascii-font-family: Arial; mso-fareast-font-family: +mn-ea; mso-bidi-font-family: +mn-cs; mso-fareast-theme-font: minor-fareast; mso-bidi-theme-font: minor-bidi; color: black; mso-color-index: 1; mso-font-kerning: 12.0pt; language: de; mso-style-textfill-type: solid; mso-style-textfill-fill-themecolor: text1; mso-style-textfill-fill-color: black; mso-style-textfill-fill-alpha: 100.0%;\">Das Quintett ist \u00fcberwiegend in Rheinhessen zu h\u00f6ren. Allerdings lassen Auftritte im Hessischen Ried oder der j\u00e4hrlich stattfindende Workshop von <\/span><span style=\"font-size: 14.0pt; font-family: Arial; mso-ascii-font-family: Arial; mso-fareast-font-family: +mn-ea; mso-bidi-font-family: +mn-cs; mso-fareast-theme-font: minor-fareast; mso-bidi-theme-font: minor-bidi; color: black; mso-color-index: 1; mso-font-kerning: 12.0pt; language: de; font-style: italic; mso-style-textfill-type: solid; mso-style-textfill-fill-themecolor: text1; mso-style-textfill-fill-color: black; mso-style-textfill-fill-alpha: 100.0%;\">Harmonic Brass M\u00fcnchen<\/span><span style=\"font-size: 14.0pt; font-family: Arial; mso-ascii-font-family: Arial; mso-fareast-font-family: +mn-ea; mso-bidi-font-family: +mn-cs; mso-fareast-theme-font: minor-fareast; mso-bidi-theme-font: minor-bidi; color: black; mso-color-index: 1; mso-font-kerning: 12.0pt; language: de; mso-style-textfill-type: solid; mso-style-textfill-fill-themecolor: text1; mso-style-textfill-fill-color: black; mso-style-textfill-fill-alpha: 100.0%;\"> im nordfriesischen Langenhorn die Instrumente der f\u00fcnf Musiker auch au\u00dferhalb der Rheinland-Pf\u00e4lzischen Weinbauregion erklingen.<\/span><\/p>\t\t\t\t\t\t\t\t<\/div>\n\t\t\t\t<\/div>\n\t\t\t\t\t<\/div>\n\t\t<\/div>\n\t\t\t\t<div class=\"elementor-column elementor-col-50 elementor-top-column elementor-element elementor-element-aef2992\" data-id=\"aef2992\" data-element_type=\"column\">\n\t\t\t<div class=\"elementor-widget-wrap\">\n\t\t\t\t\t\t\t<\/div>\n\t\t<\/div>\n\t\t\t\t\t<\/div>\n\t\t<\/section>\n\t\t\t\t<\/div>\n\t\t","protected":false},"excerpt":{"rendered":"<p>2022 Im Laufe des Jahres 2004 fand sich die klassische Quintett-Besetzung mit zwei Trompeten, Horn, Posaune und Tuba zusammen. Auch der Name Rhoihesse Brass stammt aus dieser Zeit. Rhoihesse Brass tritt neben Konzerten auch in Gottesdiensten, auf Weihnachts-m\u00e4rkten sowie zu unterschiedlichen Jubil\u00e4en und Feiern auf. Das Quintett ist \u00fcberwiegend in Rheinhessen zu h\u00f6ren. Allerdings lassen [&hellip;]<\/p>\n","protected":false},"author":1,"featured_media":0,"parent":0,"menu_order":2,"comment_status":"closed","ping_status":"closed","template":"","meta":{"site-sidebar-layout":"default","site-content-layout":"page-builder","ast-site-content-layout":"default","site-content-style":"default","site-sidebar-style":"default","ast-global-header-display":"","ast-banner-title-visibility":"","ast-main-header-display":"","ast-hfb-above-header-display":"","ast-hfb-below-header-display":"","ast-hfb-mobile-header-display":"","site-post-title":"disabled","ast-breadcrumbs-content":"","ast-featured-img":"disabled","footer-sml-layout":"","ast-disable-related-posts":"","theme-transparent-header-meta":"default","adv-header-id-meta":"","stick-header-meta":"","header-above-stick-meta":"","header-main-stick-meta":"","header-below-stick-meta":"","astra-migrate-meta-layouts":"default","ast-page-background-enabled":"default","ast-page-background-meta":{"desktop":{"background-color":"","background-image":"","background-repeat":"repeat","background-position":"center center","background-size":"auto","background-attachment":"scroll","background-type":"","background-media":"","overlay-type":"","overlay-color":"","overlay-opacity":"","overlay-gradient":""},"tablet":{"background-color":"","background-image":"","background-repeat":"repeat","background-position":"center center","background-size":"auto","background-attachment":"scroll","background-type":"","background-media":"","overlay-type":"","overlay-color":"","overlay-opacity":"","overlay-gradient":""},"mobile":{"background-color":"","background-image":"","background-repeat":"repeat","background-position":"center center","background-size":"auto","background-attachment":"scroll","background-type":"","background-media":"","overlay-type":"","overlay-color":"","overlay-opacity":"","overlay-gradient":""}},"ast-content-background-meta":{"desktop":{"background-color":"var(--ast-global-color-5)","background-image":"","background-repeat":"repeat","background-position":"center center","background-size":"auto","background-attachment":"scroll","background-type":"","background-media":"","overlay-type":"","overlay-color":"","overlay-opacity":"","overlay-gradient":""},"tablet":{"background-color":"var(--ast-global-color-5)","background-image":"","background-repeat":"repeat","background-position":"center center","background-size":"auto","background-attachment":"scroll","background-type":"","background-media":"","overlay-type":"","overlay-color":"","overlay-opacity":"","overlay-gradient":""},"mobile":{"background-color":"var(--ast-global-color-5)","background-image":"","background-repeat":"repeat","background-position":"center center","background-size":"auto","background-attachment":"scroll","background-type":"","background-media":"","overlay-type":"","overlay-color":"","overlay-opacity":"","overlay-gradient":""}},"footnotes":""},"class_list":["post-16","page","type-page","status-publish","hentry"],"_links":{"self":[{"href":"https:\/\/rhoihessebrass.de\/index.php?rest_route=\/wp\/v2\/pages\/16","targetHints":{"allow":["GET"]}}],"collection":[{"href":"https:\/\/rhoihessebrass.de\/index.php?rest_route=\/wp\/v2\/pages"}],"about":[{"href":"https:\/\/rhoihessebrass.de\/index.php?rest_route=\/wp\/v2\/types\/page"}],"author":[{"embeddable":true,"href":"https:\/\/rhoihessebrass.de\/index.php?rest_route=\/wp\/v2\/users\/1"}],"replies":[{"embeddable":true,"href":"https:\/\/rhoihessebrass.de\/index.php?rest_route=%2Fwp%2Fv2%2Fcomments&post=16"}],"version-history":[{"count":13,"href":"https:\/\/rhoihessebrass.de\/index.php?rest_route=\/wp\/v2\/pages\/16\/revisions"}],"predecessor-version":[{"id":208,"href":"https:\/\/rhoihessebrass.de\/index.php?rest_route=\/wp\/v2\/pages\/16\/revisions\/208"}],"wp:attachment":[{"href":"https:\/\/rhoihessebrass.de\/index.php?rest_route=%2Fwp%2Fv2%2Fmedia&parent=16"}],"curies":[{"name":"wp","href":"https:\/\/api.w.org\/{rel}","templated":true}]}}